{"id":36,"date":"2013-08-12T13:39:31","date_gmt":"2013-08-12T11:39:31","guid":{"rendered":"http:\/\/bonyhad.seijin.hu\/?page_id=36"},"modified":"2023-02-14T18:43:58","modified_gmt":"2023-02-14T16:43:58","slug":"elerhetoseg","status":"publish","type":"page","link":"https:\/\/szekszard.seijin.hu\/?page_id=36","title":{"rendered":"El\u00e9rhet\u0151s\u00e9g"},"content":{"rendered":"<p>Amennyiben ki szeretn\u00e9d pr\u00f3b\u00e1lni magad, vagy csak k\u00edv\u00e1ncsi vagy egy edz\u00e9sre, jelentkezz b\u00e1tran az al\u00e1bbi el\u00e9rhet\u0151s\u00e9gen:<\/p>\n<p><span style=\"text-decoration: underline;\">e-mail:<\/span><\/p>\n<p><a href=\"mailto:ninjutsubonyhad@gmail.com\" target=\"_blank\" rel=\"noopener noreferrer\">ninjutsubonyhad@gmail.com<\/a>;<\/p>\n<p>&nbsp;<\/p>\n","protected":false},"excerpt":{"rendered":"<p>Amennyiben ki szeretn\u00e9d pr\u00f3b\u00e1lni magad, vagy csak k\u00edv\u00e1ncsi vagy egy edz\u00e9sre, jelentkezz b\u00e1tran az al\u00e1bbi el\u00e9rhet\u0151s\u00e9gen: e-mail: ninjutsubonyhad@gmail.com; &nbsp;<\/p>\n","protected":false},"author":2,"featured_media":0,"parent":0,"menu_order":4,"comment_status":"closed","ping_status":"open","template":"","meta":{"ngg_post_thumbnail":0,"footnotes":""},"class_list":["post-36","page","type-page","status-publish","hentry"],"_links":{"self":[{"href":"https:\/\/szekszard.seijin.hu\/index.php?rest_route=\/wp\/v2\/pages\/36","targetHints":{"allow":["GET"]}}],"collection":[{"href":"https:\/\/szekszard.seijin.hu\/index.php?rest_route=\/wp\/v2\/pages"}],"about":[{"href":"https:\/\/szekszard.seijin.hu\/index.php?rest_route=\/wp\/v2\/types\/page"}],"author":[{"embeddable":true,"href":"https:\/\/szekszard.seijin.hu\/index.php?rest_route=\/wp\/v2\/users\/2"}],"replies":[{"embeddable":true,"href":"https:\/\/szekszard.seijin.hu\/index.php?rest_route=%2Fwp%2Fv2%2Fcomments&post=36"}],"version-history":[{"count":15,"href":"https:\/\/szekszard.seijin.hu\/index.php?rest_route=\/wp\/v2\/pages\/36\/revisions"}],"predecessor-version":[{"id":348,"href":"https:\/\/szekszard.seijin.hu\/index.php?rest_route=\/wp\/v2\/pages\/36\/revisions\/348"}],"wp:attachment":[{"href":"https:\/\/szekszard.seijin.hu\/index.php?rest_route=%2Fwp%2Fv2%2Fmedia&parent=36"}],"curies":[{"name":"wp","href":"https:\/\/api.w.org\/{rel}","templated":true}]}}