{"id":32,"date":"2013-08-12T13:53:56","date_gmt":"2013-08-12T11:53:56","guid":{"rendered":"http:\/\/bonyhad.seijin.hu\/?page_id=32"},"modified":"2022-10-17T22:39:34","modified_gmt":"2022-10-17T20:39:34","slug":"edzesvezetok","status":"publish","type":"page","link":"https:\/\/szekszard.seijin.hu\/?page_id=32","title":{"rendered":"Edz\u00e9svezet\u0151k"},"content":{"rendered":"<h5>Dar\u00e1nyi G\u00e1bor<a href=\"https:\/\/szekszard.seijin.hu\/tartalom\/uploads\/2022\/10\/g.jpg\"><img loading=\"lazy\" decoding=\"async\" class=\"size-medium wp-image-339 alignright\" src=\"https:\/\/szekszard.seijin.hu\/tartalom\/uploads\/2022\/10\/g-232x300.jpg\" alt=\"Dar\u00e1nyi G\u00e1bor sensei\" width=\"232\" height=\"300\" srcset=\"https:\/\/szekszard.seijin.hu\/tartalom\/uploads\/2022\/10\/g-232x300.jpg 232w, https:\/\/szekszard.seijin.hu\/tartalom\/uploads\/2022\/10\/g.jpg 413w\" sizes=\"auto, (max-width: 232px) 100vw, 232px\" \/><\/a><\/h5>\n<p><strong>Shihan<\/strong><\/p>\n<p><em>15. dan<\/em><\/p>\n<p style=\"text-align: justify;\">A Seijin Dojo vezet\u0151je, b\u0151vebb inform\u00e1ci\u00f3k r\u00f3la<a href=\"https:\/\/seijin.hu\/seijin-dojo\/oktatok\/\" target=\"_blank\" rel=\"noopener noreferrer\"> itt <\/a>olvashat\u00f3ak.<\/p>\n<div style=\"text-align: justify;\">\n<h5>&nbsp;<\/h5>\n<h5>&nbsp;<\/h5>\n<h5>&nbsp;<\/h5>\n<h5>dr. Borsos Bal\u00e1zs<a href=\"https:\/\/szekszard.seijin.hu\/tartalom\/uploads\/2022\/10\/IMG_20221017_172153-scaled.jpg\"><img loading=\"lazy\" decoding=\"async\" class=\" wp-image-338 alignright\" src=\"https:\/\/szekszard.seijin.hu\/tartalom\/uploads\/2022\/10\/IMG_20221017_172153-191x300.jpg\" alt=\"Borsos Bal\u00e1zs sensei\" width=\"209\" height=\"333\"\/><\/a><\/h5>\n<\/div>\n<p style=\"text-align: justify;\"><em>2. dan<\/em><\/p>\n<div>Dar\u00e1nyi sensei tan\u00edtv\u00e1nyak\u00e9nt 2010 \u00e9s 2015 k\u00f6z\u00f6tt tartott edz\u00e9seket Bonyh\u00e1don. Jelenleg is \u00e9vente t\u00f6bb alkalommal j\u00e1r szemin\u00e1riumokra, edz\u0151t\u00e1borokba.<\/div>\n","protected":false},"excerpt":{"rendered":"<p>Dar\u00e1nyi G\u00e1bor Shihan 15. dan A Seijin Dojo vezet\u0151je, b\u0151vebb inform\u00e1ci\u00f3k r\u00f3la itt olvashat\u00f3ak. &nbsp; &nbsp; &nbsp; dr. Borsos Bal\u00e1zs 2. dan Dar\u00e1nyi sensei tan\u00edtv\u00e1nyak\u00e9nt 2010 \u00e9s 2015 k\u00f6z\u00f6tt tartott edz\u00e9seket Bonyh\u00e1don. Jelenleg is \u00e9vente t\u00f6bb alkalommal j\u00e1r szemin\u00e1riumokra, edz\u0151t\u00e1borokba.<\/p>\n","protected":false},"author":2,"featured_media":0,"parent":0,"menu_order":2,"comment_status":"closed","ping_status":"open","template":"","meta":{"ngg_post_thumbnail":0,"footnotes":""},"class_list":["post-32","page","type-page","status-publish","hentry"],"_links":{"self":[{"href":"https:\/\/szekszard.seijin.hu\/index.php?rest_route=\/wp\/v2\/pages\/32","targetHints":{"allow":["GET"]}}],"collection":[{"href":"https:\/\/szekszard.seijin.hu\/index.php?rest_route=\/wp\/v2\/pages"}],"about":[{"href":"https:\/\/szekszard.seijin.hu\/index.php?rest_route=\/wp\/v2\/types\/page"}],"author":[{"embeddable":true,"href":"https:\/\/szekszard.seijin.hu\/index.php?rest_route=\/wp\/v2\/users\/2"}],"replies":[{"embeddable":true,"href":"https:\/\/szekszard.seijin.hu\/index.php?rest_route=%2Fwp%2Fv2%2Fcomments&post=32"}],"version-history":[{"count":32,"href":"https:\/\/szekszard.seijin.hu\/index.php?rest_route=\/wp\/v2\/pages\/32\/revisions"}],"predecessor-version":[{"id":341,"href":"https:\/\/szekszard.seijin.hu\/index.php?rest_route=\/wp\/v2\/pages\/32\/revisions\/341"}],"wp:attachment":[{"href":"https:\/\/szekszard.seijin.hu\/index.php?rest_route=%2Fwp%2Fv2%2Fmedia&parent=32"}],"curies":[{"name":"wp","href":"https:\/\/api.w.org\/{rel}","templated":true}]}}