{"id":22,"date":"2013-08-12T13:47:37","date_gmt":"2013-08-12T11:47:37","guid":{"rendered":"http:\/\/bonyhad.seijin.hu\/?page_id=22"},"modified":"2022-10-17T22:42:08","modified_gmt":"2022-10-17T20:42:08","slug":"a-bonyhadi-dojo-kialakulasanak-tortenete","status":"publish","type":"page","link":"https:\/\/szekszard.seijin.hu\/?page_id=22","title":{"rendered":"A bonyh\u00e1di-majd szeksz\u00e1rdi edz\u00e9s kialakul\u00e1s\u00e1nak t\u00f6rt\u00e9nete"},"content":{"rendered":"<h5><strong>1 . r\u00e9sz: (Markovics Mil\u00e1n M\u00f3r)<\/strong><\/h5>\n<p style=\"text-align: justify;\"><img loading=\"lazy\" decoding=\"async\" class=\"alignright size-medium wp-image-62\" src=\"http:\/\/bonyhad.seijin.hu\/tartalom\/uploads\/2013\/08\/milan-191x300.jpg\" alt=\"milan\" width=\"191\" height=\"300\" srcset=\"https:\/\/szekszard.seijin.hu\/tartalom\/uploads\/2013\/08\/milan-191x300.jpg 191w, https:\/\/szekszard.seijin.hu\/tartalom\/uploads\/2013\/08\/milan.jpg 296w\" sizes=\"auto, (max-width: 191px) 100vw, 191px\" \/>Hossz\u00fa t\u00f6rt\u00e9net lenne le\u00edrni mi\u00e9rt, de a harcm\u0171v\u00e9szet mindig jelen volt az \u00e9letemben. Gyerekkoromban a bonyh\u00e1di kyokushin karate klubba j\u00e1rtam, majd hossz\u00fa ideig puszt\u00e1n elm\u00e9letben foglalkoztam a t\u00e9m\u00e1val. K\u00f6z\u00e9piskola ut\u00e1n \u00e9vekig (Chen st\u00edlus\u00fa) Taijivel foglalkoztam, k\u00f6zben belek\u00f3stoltam egy-k\u00e9t h\u00f3napra az eskrim\u00e1ba, jiujitsuba \u00e9s wing tsun kungfuba \u00e9s egy-k\u00e9t h\u00e9tre m\u00e1s harcm\u0171v\u00e9szeti \u00e1gakba is. \u00cdgy felsz\u00ednes, de t\u00e1g r\u00e1l\u00e1t\u00e1som lett a harcm\u0171v\u00e9szet vil\u00e1g\u00e1ra. V\u00e9g\u00fcl \u00fagy d\u00f6nt\u00f6ttem, hogy valamit elkezdek, amiben v\u00e9gre jobban elm\u00e9lyedek. 2004-ben m\u00e1r felfigyeltem a ninjutsura, ami egy hossz\u00fa t\u00e1von tanulhat\u00f3, m\u00e9ly, sokr\u00e9t\u0171, \u00e9sszel \u0171zhet\u0151 harcm\u0171v\u00e9szet benyom\u00e1s\u00e1t keltette. \u00dagy gondoltam ez lehet az, amit keresek. A budapesti Seijin Dojora tal\u00e1ltam, ahol akkor Csics Gy\u00f6rgy (akkor m\u00e9g h\u00e1rom danos) sensei tan\u00edtott. Miut\u00e1n felkerestem elmondta, hogy Bonyh\u00e1d k\u00f6rny\u00e9k\u00e9n nem tud edz\u00e9sr\u0151l, de P\u00e9csen van k\u00e9t tan\u00edtv\u00e1nya, ha van kedvem, akkor csatlakozzam az \u0151 edz\u00e9s\u00fckh\u00f6z.<\/p>\n<p style=\"text-align: justify;\">\u00cdgy lettem a harmadik tan\u00edtv\u00e1ny, h\u00e1rman utaztunk P\u00e9csr\u0151l havonta Budapestre a senseihez tanulni, majd a t\u00f6bbi alkalommal egy\u00fctt edzett\u00fcnk, gyakoroltunk P\u00e9csen. Vizsg\u00e1zni \u2013 a k\u00f6r\u00fclm\u00e9nyek miatt \u2013 j\u00f3val ritk\u00e1bban tudtunk mint a budapestiek, de az els\u0151t nagy \u00e9lm\u00e9ny volt k\u00f6z\u00f6sen \u00e9s eredm\u00e9nyesen letenni. Neh\u00e9z volt megoldani a p\u00e9csi \u00e9s a budapesti utakat, ez\u00e9rt a heti egy edz\u00e9s is kimer\u00edt\u0151 volt mind anyagilag, mind id\u0151ben. Nekil\u00e1ttam h\u00e1t szervezni egy edz\u00e9st Bonyh\u00e1don is, hasonl\u00f3t a p\u00e9csihez. Egy \u00e9vvel k\u00e9s\u0151bb azonban tanulm\u00e1nyi okok, majd egy s\u00e9r\u00fcl\u00e9s miatt csaknem egy \u00e9vig sz\u00fcnetelt az edz\u00e9s, majd P\u00e9csen is elmaradt. Egyszer ugyan m\u00e9g fel\u00e9ledt az aktivit\u00e1sunk, akkor kaptam egy \u00faj fokozatot is, azonban \u00faj k\u00f6r\u00fclm\u00e9nyek ok\u00e1n a budapesti edz\u00e9sek r\u00e9sz\u00fcnkr\u0151l teljesen elmaradtak. Minden nem sz\u0171nt meg: volt, hogy havonta egyszer vagy ritk\u00e1bban, de m\u00e9g tal\u00e1lkoztunk \u00e9s f\u00f6leleven\u00edtett\u00fcnk valamit a ninjutsub\u00f3l. K\u00f6zben Csics sensei k\u00fclf\u00f6ld\u00f6n tal\u00e1lt munk\u00e1t, \u00edgy v\u00e9gleg megsz\u0171nt a szakmai fel\u00fcgyelet\u00fcnk.<\/p>\n<p style=\"text-align: justify;\">T\u00f6bb \u00e9vvel k\u00e9s\u0151bb kezdett \u00fajra \u00e9ledezni az edz\u00e9s v\u00e1rosunkban. 2009-ben n\u00e9gyen kezdt\u00fcnk \u00fajra elm\u00e9lyedni a bujinkan gazdag vil\u00e1g\u00e1ban, \u00e9s elkezdt\u00fck tervezni, hogy \u00fajra egy mester szakmai fel\u00fcgyelete alatt haladjunk ezen harcm\u0171v\u00e9szet \u00fatj\u00e1n\u2026<\/p>\n<h5 style=\"text-align: justify;\"><strong>2 . r\u00e9sz: (Borsos Bal\u00e1zs)<\/strong><\/h5>\n<p style=\"text-align: justify;\">\u2026 2009-ben a helyi honv\u00e9d hagyom\u00e1ny\u0151rz\u0151 egyes\u00fclet tagjak\u00e9nt r\u00e9szt vettem egy alapfok\u00fa \u00f6nv\u00e9delmi oktat\u00e1son, amit Markovics Mil\u00e1n M\u00f3r tartott a r\u00e9sz\u00fcnkre. Ekkor tal\u00e1lkoztam el\u0151sz\u00f6r a gyakorlatban a ninjutsuval\u2026<\/p>\n<p style=\"text-align: justify;\"><img loading=\"lazy\" decoding=\"async\" class=\"alignright size-medium wp-image-81\" src=\"http:\/\/bonyhad.seijin.hu\/tartalom\/uploads\/2013\/08\/bb1-221x300.jpg\" alt=\"bb1\" width=\"221\" height=\"300\" srcset=\"https:\/\/szekszard.seijin.hu\/tartalom\/uploads\/2013\/08\/bb1-221x300.jpg 221w, https:\/\/szekszard.seijin.hu\/tartalom\/uploads\/2013\/08\/bb1-756x1024.jpg 756w, https:\/\/szekszard.seijin.hu\/tartalom\/uploads\/2013\/08\/bb1.jpg 1267w\" sizes=\"auto, (max-width: 221px) 100vw, 221px\" \/>&#8211; az\u00e9rt gyakorlatban, mert tudtam azt, hogy Mil\u00e1n milyen harcm\u0171v\u00e9szeti \u00e1gat kezdett el tanulni, besz\u00e9lgett\u00fcnk is r\u00f3la, mutatott is egy-k\u00e9t egyszer\u0171bb fog\u00e1st, de ennyiben kimer\u00fclt az \u00e9rdekl\u0151d\u00e9sem akkoriban. (hogy mi\u00e9rt, azt ma visszagondolva v\u00e9gk\u00e9pp nem \u00e9rtem \u00e9n sem\u2026) Az egyetemi \u00e9vek alatt az egyik lak\u00f3t\u00e1rsam is j\u00e1rt Szegeden ninjutsura, de szint\u00e9n ut\u00f3lag \u00e9rtehetetlen okb\u00f3l, nem mutattam akkor komolyabb \u00e9rdekl\u0151d\u00e9st a dolog ir\u00e1nt &#8211;<\/p>\n<p style=\"text-align: justify;\">\u2026komolyabban akkor 2009 szeptember\u00e9ben l\u00e1ttam el\u0151sz\u00f6r, milyen is egy edz\u00e9s, illetve mennyire hasznos lehet az itt megszerezhet\u0151 tud\u00e1s, \u00edgy bek\u00e9ret\u0151ztem a kis csapatba. Hamar megkedveltem a ninjutsut. Kb. f\u00e9l \u00e9v edz\u00e9s ut\u00e1n Mil\u00e1nnak el kellett mennie Bonyh\u00e1dr\u00f3l a munk\u00e1ja miatt, \u00edgy m\u00e9lypontra jutott a bonyh\u00e1di edz\u00e9s. H\u00e1rman-n\u00e9gyen pr\u00f3b\u00e1ltuk az alapokat gyakorolni, de \u00fagy, hogy igaz\u00e1b\u00f3l egyik\u00fcnk sem tudta biztosan, j\u00f3l csin\u00e1ljuk-e, hiszen nem volt senki, aki kijav\u00edtson minket.<\/p>\n<p style=\"text-align: justify;\">2010 j\u00fanius\u00e1ban ad\u00f3dott egy lehet\u0151s\u00e9g, hogy kipr\u00f3b\u00e1ljam magam \u201c\u00e9lesben\u201d. Mil\u00e1n mindig is mondta, hogy ha egyszer Pesten lesz alkalmam, mindenk\u00e9pp menjek el a Seijin dojo egy edz\u00e9s\u00e9re. Nos, megfogadtam a tan\u00e1cs\u00e1t, \u00e9s az egyhetes szabads\u00e1gom alatt felkerestem a dojo akkori \u00e9s mostani vezet\u0151j\u00e9t, <em>Dar\u00e1nyi G\u00e1bor<\/em> sensei-t, hogy csatlakozhatn\u00e9k-e hozz\u00e1juk n\u00e9h\u00e1ny edz\u00e9s erej\u00e9ig. Ekkor, l\u00e1tva az ottani l\u00e9gk\u00f6rt, m\u00e9g ink\u00e1bb megj\u00f6tt a kedvem ehhez a harcm\u0171v\u00e9szethez. Ezut\u00e1n \u00fagy alakultak a dolgok, hogy a h\u00e9tv\u00e9g\u00e9imet Pesten t\u00f6lt\u00f6ttem, \u00edgy a p\u00e9ntek esti edz\u00e9seken ott lehettem, \u00e9s sokat tanulhattam. A Pesten megszerzett tud\u00e1st Dar\u00e1nyi sensei enged\u00e9ly\u00e9vel tov\u00e1bb adhattam Bonyh\u00e1don is ahol Dar\u00e1nyi G\u00e1bor sensei enged\u00e9ly\u00e9vel \u00e9s fel\u00fcgyelet\u00e9vel tartottam ezt k\u00f6vet\u0151en az edz\u00e9seket.<\/p>\n","protected":false},"excerpt":{"rendered":"<p>1 . r\u00e9sz: (Markovics Mil\u00e1n M\u00f3r) Hossz\u00fa t\u00f6rt\u00e9net lenne le\u00edrni mi\u00e9rt, de a harcm\u0171v\u00e9szet mindig jelen volt az \u00e9letemben. Gyerekkoromban a bonyh\u00e1di kyokushin karate klubba j\u00e1rtam, majd hossz\u00fa ideig puszt\u00e1n elm\u00e9letben foglalkoztam a t\u00e9m\u00e1val. K\u00f6z\u00e9piskola ut\u00e1n \u00e9vekig (Chen st\u00edlus\u00fa) Taijivel foglalkoztam, k\u00f6zben belek\u00f3stoltam egy-k\u00e9t h\u00f3napra az eskrim\u00e1ba, jiujitsuba \u00e9s wing tsun kungfuba \u00e9s egy-k\u00e9t h\u00e9tre [&hellip;]<\/p>\n","protected":false},"author":2,"featured_media":0,"parent":0,"menu_order":2,"comment_status":"closed","ping_status":"open","template":"","meta":{"ngg_post_thumbnail":0,"footnotes":""},"class_list":["post-22","page","type-page","status-publish","hentry"],"_links":{"self":[{"href":"https:\/\/szekszard.seijin.hu\/index.php?rest_route=\/wp\/v2\/pages\/22","targetHints":{"allow":["GET"]}}],"collection":[{"href":"https:\/\/szekszard.seijin.hu\/index.php?rest_route=\/wp\/v2\/pages"}],"about":[{"href":"https:\/\/szekszard.seijin.hu\/index.php?rest_route=\/wp\/v2\/types\/page"}],"author":[{"embeddable":true,"href":"https:\/\/szekszard.seijin.hu\/index.php?rest_route=\/wp\/v2\/users\/2"}],"replies":[{"embeddable":true,"href":"https:\/\/szekszard.seijin.hu\/index.php?rest_route=%2Fwp%2Fv2%2Fcomments&post=22"}],"version-history":[{"count":17,"href":"https:\/\/szekszard.seijin.hu\/index.php?rest_route=\/wp\/v2\/pages\/22\/revisions"}],"predecessor-version":[{"id":342,"href":"https:\/\/szekszard.seijin.hu\/index.php?rest_route=\/wp\/v2\/pages\/22\/revisions\/342"}],"wp:attachment":[{"href":"https:\/\/szekszard.seijin.hu\/index.php?rest_route=%2Fwp%2Fv2%2Fmedia&parent=22"}],"curies":[{"name":"wp","href":"https:\/\/api.w.org\/{rel}","templated":true}]}}